{"id":17,"date":"2014-06-01T10:12:19","date_gmt":"2014-06-01T10:12:19","guid":{"rendered":"http:\/\/abenteuerpiloten.de\/?page_id=17"},"modified":"2017-11-11T11:56:02","modified_gmt":"2017-11-11T09:56:02","slug":"ueber-uns","status":"publish","type":"page","link":"https:\/\/abenteuerpiloten.de\/?page_id=17","title":{"rendered":"\u00dcBER UNS"},"content":{"rendered":"<h3>Die Abenteuerpiloten sind Robert und Heike<\/h3>\n<p style=\"text-align: justify;\"><b>ausgetretene Pfade verlassen &#8211; neue Wege erschlie\u00dfen &#8211; Grenzen \u00fcberschreiten &#8211; Emotionen wecken<\/b><\/p>\n<p style=\"text-align: justify;\">Wir wollen die Sch\u00f6nheit der Welt und des Lebens kennen lernen. Das Leben hat so viele Facetten und jeder Moment, auch der Traurige, hat etwas Gutes. Sch\u00f6nes und Freudiges ist \u00fcberall zu finden, wir haben nur h\u00e4ufig verlernt dies zu erkennen. Wir m\u00f6chten die Welt einfangen in all ihrer Vielfalt. Eintauchen in andere Kulturen und Lebensformen. Nicht verurteilen sondern von allen etwas lernen. Die Reise nicht in Kilometer sondern in Freundschaften messen. Wir m\u00f6chten verstehen und begreifen, staunen und uns begeistern lassen.<\/p>\n<p style=\"text-align: justify;\">Wir m\u00f6chten begeistern und mit unserem Erlebten Lebensfreude, Neugier und Reisefieber wecken und jeden dazu anregen seine eigenen Tr\u00e4ume zu verwirklichen. Schwierigkeiten, Probleme und Krisen wird es w\u00e4hrend unserer Reisen sicherlich zu gen\u00fcge geben. Auch diese sind Teil des Lebens, bereichern uns und sind dazu da \u00fcberwunden zu werden.<\/p>\n<p style=\"text-align: justify;\">Wir lieben die Menschen und wir lieben das Leben. Wir\u00a0besuchen auf unseren Reisen Freunde in unterschiedlichen L\u00e4ndern. Zusammen mit ihnen in ihre Kultur abtauchen und die Sch\u00f6nheit ihrer jeweiligen Gegend kennen lernen. Ziel unserer Reisen ist\u00a0 unterschiedliche Kulturen und Menschen kennen zu lernen und neue Freundschaften zu\u00a0schlie\u00dfen.<\/p>\n<p>&nbsp;<\/p>\n","protected":false},"excerpt":{"rendered":"<p>Die Abenteuerpiloten sind Robert und Heike ausgetretene Pfade verlassen &#8211; neue Wege erschlie\u00dfen &#8211; Grenzen \u00fcberschreiten &#8211; Emotionen wecken Wir wollen die Sch\u00f6nheit der Welt und des Lebens kennen lernen.&#8230;<\/p>\n<div class=\"more-link-wrapper\"><a class=\"more-link\" href=\"https:\/\/abenteuerpiloten.de\/?page_id=17\">Weiterlesen<span class=\"screen-reader-text\">\u00dcBER UNS<\/span><\/a><\/div>\n","protected":false},"author":1,"featured_media":1441,"parent":0,"menu_order":2,"comment_status":"closed","ping_status":"closed","template":"","meta":{"footnotes":""},"class_list":["post-17","page","type-page","status-publish","has-post-thumbnail","hentry","excerpt"],"aioseo_notices":[],"_links":{"self":[{"href":"https:\/\/abenteuerpiloten.de\/index.php?rest_route=\/wp\/v2\/pages\/17","targetHints":{"allow":["GET"]}}],"collection":[{"href":"https:\/\/abenteuerpiloten.de\/index.php?rest_route=\/wp\/v2\/pages"}],"about":[{"href":"https:\/\/abenteuerpiloten.de\/index.php?rest_route=\/wp\/v2\/types\/page"}],"author":[{"embeddable":true,"href":"https:\/\/abenteuerpiloten.de\/index.php?rest_route=\/wp\/v2\/users\/1"}],"replies":[{"embeddable":true,"href":"https:\/\/abenteuerpiloten.de\/index.php?rest_route=%2Fwp%2Fv2%2Fcomments&post=17"}],"version-history":[{"count":14,"href":"https:\/\/abenteuerpiloten.de\/index.php?rest_route=\/wp\/v2\/pages\/17\/revisions"}],"predecessor-version":[{"id":1439,"href":"https:\/\/abenteuerpiloten.de\/index.php?rest_route=\/wp\/v2\/pages\/17\/revisions\/1439"}],"wp:featuredmedia":[{"embeddable":true,"href":"https:\/\/abenteuerpiloten.de\/index.php?rest_route=\/wp\/v2\/media\/1441"}],"wp:attachment":[{"href":"https:\/\/abenteuerpiloten.de\/index.php?rest_route=%2Fwp%2Fv2%2Fmedia&parent=17"}],"curies":[{"name":"wp","href":"https:\/\/api.w.org\/{rel}","templated":true}]}}