{"id":1582,"date":"2021-06-06T21:44:34","date_gmt":"2021-06-06T19:44:34","guid":{"rendered":"https:\/\/abenteuerpiloten.de\/?page_id=1582"},"modified":"2021-06-06T21:45:43","modified_gmt":"2021-06-06T19:45:43","slug":"portugal-2016","status":"publish","type":"page","link":"https:\/\/abenteuerpiloten.de\/?page_id=1582","title":{"rendered":"Portugal 2016"},"content":{"rendered":"\n<p><strong>Der etwas andere Reisebericht von Frotschi, dem Frosch<\/strong><\/p>\n\n\n\n<p>Hi, ich bin Frotschi der Frosch. Eigentlich hei\u00dfe ich Froggy aber ich habe einen kleinen Sprachfehler und kann meinen Namen nicht richtig aussprechen &#8230; aber egal, das ist nicht wichtig &#8211; wichtig ist, zumindest f\u00fcr mich, dass ich auf gro\u00dfer Reise bin. Eigentlich wohne ich bei ganz netten Menschen in M\u00fchldorf, nur leider gehen die gerade nicht so oft in Urlaub und mit der Zeit wird es mir da ein bisschen fad. Deshalb habe ich so lange gebittet und gebettelt bis ich mit Heike und Robert auf gro\u00dfe Tour gehen durfte. Uli hat mich zum Flugplatz gebracht und dann bin ich zu Heike und Robert in die CT geh\u00fcpft. T\u00fcr zu und ab die Post &#8211; dachte ich zumindest &#8211; ich kenne die zwei ja nun auch schon eine Weile und h\u00e4tte es wissen m\u00fcssen &#8230; irgendwas ist immer bei denen &#8230; heute war es die Batterie die leer war. Nun gut, mit einer Stunde Versp\u00e4tung ging es dann doch los zu unserem ersten Ziel Bremgarten. Ich habe den Flug sehr genossen, ist es doch mein erster Flug seit langem. Durch die RMZ M\u00fcnchen die wegen dem Oktoberfest eingerichtet ist ging es mit Polizeifunk. Cool von der Polizei geleitet zu werden. Dann war es bis zum Schwarzwald etwas bockig bei dem starken Wind. Heike hat mir eine Spuckt\u00fcte unter meine Schnauze gehalten, aber ich habe sie zum Gl\u00fcck nicht gebraucht. Am Feldberg war es wieder sch\u00f6n ruhig und ich konnte den Ausblick genie\u00dfe.&nbsp;<\/p>\n\n\n\n<p>In Bremgarten wurden wir schon von Manfred und 5 anderen Fliegern erwartet. Die waren &#8222;not amused&#8220; \u00fcber unser zu sp\u00e4t kommen &#8211; zum Gl\u00fcck ist aber auf Manni Verlass. Er hat sie bei Laune gehalten. Leider konnte ich ihn und die anderen gar nicht richtig begr\u00fc\u00dfen da alle schnell weiter wollten.<\/p>\n\n\n\n<p>Heike hat den Flugplan aufgeben und alle 5 Maschinen starteten nacheinander nach Besancon, wo schon 5 weitere Reiseteilnehmer in 2 Flugzeugen und einem Trike auf uns warteten.&nbsp;<\/p>\n\n\n\n<p>Nach einer Stunde waren wir dann auch dort und durften alle 9 Maschinen in den gro\u00dfen Hallen des Fliegerclubs unterstellen. Sehr nette Menschen diese Franzosen.&nbsp;<\/p>\n\n\n\n<p>Mit dem Taxi ging es dann in das Hotel. Hab mir noch ein paar Fliegen zum Abendessen gefangen und dann bin ich in die Heia geh\u00fcpft.<\/p>\n\n\n\n<p>Eigentlich wollten wir jetzt schon wieder in der Luft sein und weiterfliegen nach Arcachon aber &#8230; es regnet. Ich verstehe gar nicht warum &#8211; esse doch immer meinen Teller leer. Aber leider kann man es nicht \u00e4ndern &#8211; nun versuchen wir eben das Beste aus diesem Regentag zu machen.<\/p>\n\n\n\n<p>Haltet die Ohren steif ich berichte Euch wie es weiter geht.<\/p>\n\n\n\n<figure class=\"wp-block-image size-large\"><a href=\"https:\/\/abenteuerpiloten.de\/wp-content\/uploads\/2016\/10\/Datei-11.10.16-11-29-14.jpeg\"><img loading=\"lazy\" decoding=\"async\" width=\"1024\" height=\"768\" src=\"https:\/\/abenteuerpiloten.de\/wp-content\/uploads\/2016\/10\/Datei-11.10.16-11-29-14-1024x768.jpeg\" alt=\"\" class=\"wp-image-1016\" srcset=\"https:\/\/abenteuerpiloten.de\/wp-content\/uploads\/2016\/10\/Datei-11.10.16-11-29-14-1024x768.jpeg 1024w, https:\/\/abenteuerpiloten.de\/wp-content\/uploads\/2016\/10\/Datei-11.10.16-11-29-14-300x225.jpeg 300w, https:\/\/abenteuerpiloten.de\/wp-content\/uploads\/2016\/10\/Datei-11.10.16-11-29-14-768x576.jpeg 768w, https:\/\/abenteuerpiloten.de\/wp-content\/uploads\/2016\/10\/Datei-11.10.16-11-29-14.jpeg 1280w\" sizes=\"auto, (max-width: 1024px) 100vw, 1024px\" \/><\/a><\/figure>\n\n\n\n<p>Leute, Leute ich sag&#8217;s Euch, ist das ein Stress &#8211; aber ein sch\u00f6ner Stress. Nur mit Robert fliege ich nicht mehr alleine. Wenn Heike nicht dabei ist dann fliegt der so, dass ich kotzen \u00e4\u00e4\u00e4 Verzeihung speien muss. Und dann fotografiert der mich auch noch, anstatt mir zu helfen. Aber sonst ist alles ganz toll. Ich bin schon mit Manni geflogen, war super angenehm. Ab Arcachon ist Heike dann mit mir zu R\u00fcdiger umgestiegen. Ich sag&#8217;s Euch &#8211; der hat es faustdick hinter den Ohren. Ist 72, alter Segelflieger und abgebr\u00fchter Schlepppilot. Seine und Heikes und inzwischen auch meine Lieblingsbesch\u00e4ftigung ist mit dem Trike zusammen im Tiefflug \u00fcber den Strand zu fliegen. Apropos Trike \u2026 der Horst, der ist mein pers\u00f6nlicher Held &#8211; da werden Robert und Heike jetzt zwar sauer sein, aber es ist trotzdem so. Wahnsinn was der im Trike leistet. Der ist auch der Einzige, der sich sein Essen hart erarbeitet. Essen &#8211; das ist auch so eine Sache. Was glaubt ihr was die hier st\u00e4ndig machen? Ja Richtig &#8211; essen. Und ich sag&#8216; s Euch das ist immer voll lecker und ich habe schon ganz viele portugiesische Freunde gefunden. Den David, den Carlos und den Telmo die alles f\u00fcr uns in Viseu organisiert haben. Den Paulo der Chef der portugisischen UL Flieger, der unseren ganzen Haufen zum Essen eingeladen hat. Bei ihm in Benavente habe ich auch Jos\u00e9 kennengelernt. Den coolsten Air Traffic Controler den es gibt. Heike gibt ihm ihren Flugplan immer per Messanger und er gibt ihr dann schon den Squak und was man sonst noch so braucht auch per Messanger. Und dann bei Grenz\u00fcbertritt von Spanien nach Portugal werden wir, also eigentlich nur die Heike, weil mich kannte er da ja noch nicht mit \u201e<em>Welcome to Portugal my darling Heike<\/em>\u201c begr\u00fc\u00dft. Er ist voll der nette Kerl. Kam an seinem freien Tag extra nach Benavente um mit uns essen zu gehen. Die Portugiesen sind einfach unglaublich nett. Auch Kevin den ich dann in Lagos getroffen habe. Er ist zwar Engl\u00e4nder aber trotzdem genauso nett wie die Portugiesen. Eigentlich ist eh Kevin an allem schuld. Schuld daran, dass wir hier sind. Er war die erste Person in Portugal die Robert und Heike vor 3 Jahren als sie zum ersten Mal hierher kamen kennengelernt haben. Ich wei\u00df nicht, ob er den Tag verflucht &#8230; er hat schon einiges mit den zweien mitgemacht. Aber ich glaube er hat sich wirklich aus tiefsten Herzen gefreut uns alle zu sehen. Heute war er schon mit uns Boot fahren &#8211; mit einem alten Segelboot. War mal eine sch\u00f6ne Abwechslung zu der ganzen Fliegerei. Bin mal gespannt, was als n\u00e4chstes kommt.<\/p>\n\n\n\n<p>Heike und Robert tun immer so als ob es die Meisterleistung w\u00e4re so eine Flugreise zu organisieren- ich verrate Euch mal was aber&nbsp;<em>bscht<\/em>&nbsp;nicht weiter sagen &#8230; Heike schreibt immer nur wenn sie irgendwas will eine Messenger Mail an David oder Jos\u00e9 und die machen dann alles f\u00fcr sie.&nbsp;<\/p>\n\n\n\n<p>Mal schauen, wie sich die zwei Organisationstalente in Spanien schlagen wo sie nicht soviel Leute kennen.<\/p>\n\n\n\n<figure class=\"wp-block-image size-large\"><a href=\"https:\/\/abenteuerpiloten.de\/wp-content\/uploads\/2016\/10\/Foto-04.10.16-18-17-42.jpg\"><img loading=\"lazy\" decoding=\"async\" width=\"1024\" height=\"768\" src=\"https:\/\/abenteuerpiloten.de\/wp-content\/uploads\/2016\/10\/Foto-04.10.16-18-17-42-1024x768.jpg\" alt=\"Ein Bild, das Himmel, drau\u00dfen, Flugzeug, Segelflugzeug enth\u00e4lt.\n\nAutomatisch generierte Beschreibung\" class=\"wp-image-1017\" srcset=\"https:\/\/abenteuerpiloten.de\/wp-content\/uploads\/2016\/10\/Foto-04.10.16-18-17-42-1024x768.jpg 1024w, https:\/\/abenteuerpiloten.de\/wp-content\/uploads\/2016\/10\/Foto-04.10.16-18-17-42-300x225.jpg 300w, https:\/\/abenteuerpiloten.de\/wp-content\/uploads\/2016\/10\/Foto-04.10.16-18-17-42-768x576.jpg 768w, https:\/\/abenteuerpiloten.de\/wp-content\/uploads\/2016\/10\/Foto-04.10.16-18-17-42.jpg 2048w\" sizes=\"auto, (max-width: 1024px) 100vw, 1024px\" \/><\/a><\/figure>\n\n\n\n<p>Boah Leute hier erlebt man was. Langsam sehne ich mich wieder zur\u00fcck in mein ruhiges Zuhause nach M\u00fchldorf.<\/p>\n\n\n\n<p>Hier ist soviel los, dass ich gar nicht dazu komme Euch zu berichten.<\/p>\n\n\n\n<p>Ich mach mal da weiter, wo ich aufgeh\u00f6rt habe &#8211; in Lagos. Mit dem alten Segelschiff um die Grotten war super. Danach ist die Truppe mal wieder ihrer Lieblingsbesch\u00e4ftigung nachgegangen &#8211; essen. Das war mal wieder vom feinsten. In einem typisch portugiesischen Fischrestaurant, wo wir die einzigen Touristen waren. Alle haben sich \u00fcber den Fisch gefreut nur Kevin hat sich geweigert. Er wollte Fleisch. Hat er auch bekommen &#8211; nur hat es nach Fisch geschmeckt. Ist ja auch klar &#8211; auf dem Rost wird ja sonst nur Fisch gegrillt. Nach dem Essen gingen wir an den Strand. Da habe ich festgestellt, dass die Deutschen, Engl\u00e4nder und Franzosen gleich &#8222;bescheuert&#8220; sind. H\u00fcpfen ins Wasser, w\u00e4lzen sich im Sand, lassen sich in der Sonne braten und wundern sich dann, dass es \u00fcberall kratzt. Ich habe mich gepflegt unter den Sonnenschirm gesetzt und den wundersch\u00f6nen Blick \u00fcber die Bucht von Lagos genossen. Am Abend ging es mal wieder zum Essen. Der Aeroclub Lagos hat extra f\u00fcr uns ein BBQ ausgerichtet. Vielen Dank daf\u00fcr. Dann musste ich aktiv werden. Ich wollte unbedingt mal mit meinem Helden Horst &#8211; dem Triker fliegen. Alleine hatte ich aber ein bisschen Schiss. Also musste Heike mit. Ich habe einfach heimlich bei Kevin f\u00fcr sie Helm und Overall organisiert. Und dann wurde es so richtig toll. Horst Heike und ich sind um 7:30 Uhr zusammen mit dem Trike Richtung Cordoba gestartet. Ein Sonnenaufgangsflug vom feinsten. Ich liebe Trike fliegen! Da muss mich Uli -mein eigentlicher Papa, der ja der gr\u00f6\u00dfte Triker auf Erden ist- unbedingt auch \u00f6fters mal mitnehmen. Ich habe den Flug so unglaublich genossen. Zuerst am Strand entlang dann bei Huelva ins Inland abgebogen und am Rio Tinto, dem roten Fluss, der wirklich rot ist entlang bis zu dem tollen Kratersee. Von dort aus ging es direkt nach Cordoba, dem riesigen Platz wo nichts los ist. <\/p>\n\n\n\n<p><\/p>\n\n\n\n<figure class=\"wp-block-image size-large\"><a href=\"https:\/\/abenteuerpiloten.de\/wp-content\/uploads\/2016\/10\/Foto-06.10.16-09-34-55.jpg\"><img loading=\"lazy\" decoding=\"async\" width=\"1024\" height=\"768\" src=\"https:\/\/abenteuerpiloten.de\/wp-content\/uploads\/2016\/10\/Foto-06.10.16-09-34-55-1024x768.jpg\" alt=\"\" class=\"wp-image-1018\" srcset=\"https:\/\/abenteuerpiloten.de\/wp-content\/uploads\/2016\/10\/Foto-06.10.16-09-34-55-1024x768.jpg 1024w, https:\/\/abenteuerpiloten.de\/wp-content\/uploads\/2016\/10\/Foto-06.10.16-09-34-55-300x225.jpg 300w, https:\/\/abenteuerpiloten.de\/wp-content\/uploads\/2016\/10\/Foto-06.10.16-09-34-55-768x576.jpg 768w, https:\/\/abenteuerpiloten.de\/wp-content\/uploads\/2016\/10\/Foto-06.10.16-09-34-55.jpg 2048w\" sizes=\"auto, (max-width: 1024px) 100vw, 1024px\" \/><\/a><\/figure>\n\n\n\n<p>Die k\u00f6nnen froh sein, dass wir kamen. Hatten sie mal wieder 10 Landungen. Deshalb 10 da Cordoba unser Treffpunkt war und die anderen 9 dort auch gelandet sind. Hier bin ich dann wieder umgestiegen. Eigentlich wollte ich bei Horst bleiben, aber Robert hat sich nicht so ganz gut gef\u00fchlt und wollte, dass Heike mit ihm fliegt. Ich bin dann auch mit in die CT geh\u00fcpft. Dann ging es auch schon los. Nach Requena, einem tollen Platz mit ganz netten Leuten bei Valencia. Auf dem Weg dorthin habe ich dann was erlebt was ich nicht mehr brauche. Vulg\u00e4r ausgedr\u00fcckt ging mir und den anderen der Arsch auf Grundeis. Einer der Gruppe hat kurz vor dem Flugplatz auf unserer Quasselfrequenz gesendet, dass bei ihm der Motor ausgefallen ist und er notlanden muss. Die n\u00e4chsten 5 Minuten haben mich 10 Jahre altern lassen. Wir konnten die Maschine per Funk nicht mehr erreichen. Heike hat sofort an ihn und seinen Copiloten SMS gesendet. Wir haben die Notfrequenz abgeh\u00f6rt und Robert hat \u00fcber den n\u00e4chsten kontrollierten Platz versucht den Transponder lokalisieren zu lassen. Die haben dort aber nichts begriffen. Dann sind die Ger\u00f6lllawinen von unseren Herzen gefallen. Die Havarierten haben Heike angerufen und gesagt, dass es ihnen gut geht. Der Maschine zwar nicht so sehr aber den Insassen und das ist das Wichtigste. Die netten Leute von Requena haben uns dann geholfen die Maschine zu bergen. Oh man, so was brauche ich nicht nochmal.\u00a0<\/p>\n\n\n\n<p>Am Abend haben wir dann alle zusammen den guten Ausgang der Notlandung gefeiert. Am n\u00e4chsten Morgen ging es schon wieder weiter nach Montpellier. Heike ist mit der Gruppe vorgeflogen. Sie hat mir erz\u00e4hlt, dass sie bis sie an Barcelona vorbei waren im Inland geflogen sind und dann ging es bis Montpellier am Meer entlang. Robert und ich sind noch in Requena geblieben und haben uns um die kaputte Maschine gek\u00fcmmert. Dann sind wir den anderen hinterher geflogen. Kurz vor Montpellier haben wir sie eingeholt, da es Robert hat laufen lassen und wir mussten keinen Tankstopp machen. Ich dachte ja ich muss wieder spuken bei Robert, aber er ist voll ruhig geflogen und ich konnte nach der ganzen Aufregung den Flug genie\u00dfen.<\/p>\n\n\n\n<p>In Montpellier hat sich dann unsere Gruppe aufgel\u00f6st. Unser franz\u00f6sisches P\u00e4\u00e4rchen ist von dort direkt nach Hause geflogen. Die restliche Gruppe ging zu einem kleinen Platz in der N\u00e4he von Bourg en Bresse. Der Platz hat einen f\u00fcr mich unaussprechlichen Namen &#8211; Meximieux. Da waren auch supernette Leute dort. Sie haben uns von ihrem Essen abgegeben. Baguette und K\u00e4se &#8230; mjam das war lecker. Wir haben bei ihnen gewartet, bis das Wetter besser wird. Bis dorthin war es gut, aber dann sind die Wolken aufgelegen und sind leider erst am sp\u00e4ten Nachmittag abgehauen. Der Thorsten, der Heinz und der Micha, die in Bremgarten wohnen sind dann noch heimgeflogen. Horst, Manni, R\u00fcdiger- mit dem ich auch immer ganz arg gerne geflogen bin- Robert, Heike und ich sind nach Montbeliard was cool war. Dort sind wir n\u00e4mlich gelandet wie die Airliner &#8211; auf dem riesigen Platz mit Landebahnbefeuerung. Und hier sitzen wir noch immer. Warten, warten, warten das habe ich gelernt, dass das zum Fliegen dazu geh\u00f6rt. Mal schauen bis wann wir hier wegkommen. Ich lass es Euch wissen.<\/p>\n\n\n\n<figure class=\"wp-block-image size-large\"><a href=\"https:\/\/abenteuerpiloten.de\/wp-content\/uploads\/2016\/10\/Foto-06.10.16-11-06-52.jpg\"><img loading=\"lazy\" decoding=\"async\" width=\"1024\" height=\"768\" src=\"https:\/\/abenteuerpiloten.de\/wp-content\/uploads\/2016\/10\/Foto-06.10.16-11-06-52-1024x768.jpg\" alt=\"Ein Bild, das Text, drau\u00dfen enth\u00e4lt.\n\nAutomatisch generierte Beschreibung\" class=\"wp-image-1019\" srcset=\"https:\/\/abenteuerpiloten.de\/wp-content\/uploads\/2016\/10\/Foto-06.10.16-11-06-52-1024x768.jpg 1024w, https:\/\/abenteuerpiloten.de\/wp-content\/uploads\/2016\/10\/Foto-06.10.16-11-06-52-300x225.jpg 300w, https:\/\/abenteuerpiloten.de\/wp-content\/uploads\/2016\/10\/Foto-06.10.16-11-06-52-768x576.jpg 768w, https:\/\/abenteuerpiloten.de\/wp-content\/uploads\/2016\/10\/Foto-06.10.16-11-06-52.jpg 2048w\" sizes=\"auto, (max-width: 1024px) 100vw, 1024px\" \/><\/a><\/figure>\n\n\n\n<p>So Leute nun bin ich wieder zu Hause. Man war das ein Erlebnis. Als es in Montbeliard endlich los ging war es schon 14 Uhr. Solange hat es gedauert, bis wir zumindest die Hand vor Augen haben sehen k\u00f6nnen. Horst, mein Trikeheld ist zuerst gestartet da er gleich nach Hause in der N\u00e4he von Kaiserslautern fliegen wollte. Ich habe mich herzlich von ihm verabschiedet und komme ihn auf jeden Fall bald mal besuchen. Das kann er nun als Verhei\u00dfung oder als Drohung auffassen&#8230; Die anderen drei Maschinen, in der einen sa\u00df ich mit Robert und Heike sind ein bisschen sp\u00e4ter gestartet. Unser direkter Kurs war nicht m\u00f6glich also haben wir gekreuzt. So wie ein Segelschiff, das gegen den Wind fahren m\u00f6chte \u2013 nur, dass es bei uns nicht der Wind, sondern die Wolken waren, die uns vom direkten Heimatkurs abgehalten haben. Das Kreuzen war echt spannend. Ich dachte nicht, dass wir \u00fcber die Berge kommen. Unterwegs haben wir sogar wieder den Horst getroffen, da wir seinen Kurs fliegen mussten, obwohl wir eigentlich ganz woanders hinwollten. Das ging aber nur indem wir den Horst verfolgt haben &#8211; sozusagen Drachen gejagt &#8211; denn wir sind erst bei Karlsruhe \u00fcber die Vogesen gekommen. Von dort aus ging es nach Aalen. Aber auf dem Kurs lag Kornwestheim und da wohnt die Mama von der Heike. Sie kam vor das Haus und hat uns gewunken. Das fand ich voll nett. Heike hat mir versprochen, wenn sie die Mama besuchen geht, was hoffentlich bald ist, dann darf ich mit. Da freue ich mich schon drauf. Regen, Wolken, Sonne und Regenbogen &#8211; sogar mehr als ein Regenbogen, ein Regenbogenkreis das war alles auf der Strecke geboten. Der Robert hat versucht den Kreis zu fotografieren was leider nicht so gut funktioniert hat. Aber ich habe ihn gesehen und ganz fest in mir drin abgespeichert. Ich fand den Heimflug irrsinnig spannend und aufregend. Das Wetter kann einen als Sichtflieger ganz sch\u00f6n \u00e4rgern. Wenn wir es nicht geschafft h\u00e4tten, w\u00e4re mir das auch egal gewesen. Ich h\u00e4tte gerne nochmal unterwegs \u00fcbernachtet. Vielleicht sogar bei der Heike ihrer Mama die direkt neben dem Flugplatz Pattonville wohnt. Aber wir haben es geschafft. \u00dcber Aalen gab es eine Luftverabschiedung von R\u00fcdiger und Manni. Die mussten dort tanken und wir konnten direkt durchfliegen. Hatten auch den weitesten Weg, so dass wir alle fast gleichzeitig auf unseren Heimatpl\u00e4tzen gelandet sind. Der R\u00fcdiger in F\u00fcrth, der Manni in Kaufbeuren und wir in M\u00fchldorf. Dort hat schon mein Papa Uli auf mich gewartet. Voll Freude bin ich ihm in die Arme geh\u00fcpft. Es war toll mit Robert und Heike und ich gehe auf jeden Fall mit denen wieder auf Reisen, aber nun freue ich mich auf mein Zuhause -dort ist es n\u00e4mlich ganz toll.<\/p>\n\n\n\n<p>Haltet die Ohren steif ich berichte Euch wieder von meiner n\u00e4chsten Reise.<\/p>\n\n\n\n<p>Euer Frotschi<\/p>\n","protected":false},"excerpt":{"rendered":"<p>Der etwas andere Reisebericht von Frotschi, dem Frosch Hi, ich bin Frotschi der Frosch. Eigentlich hei\u00dfe ich Froggy aber ich habe einen kleinen Sprachfehler und kann meinen Namen nicht richtig&#8230;<\/p>\n<div class=\"more-link-wrapper\"><a class=\"more-link\" href=\"https:\/\/abenteuerpiloten.de\/?page_id=1582\">Weiterlesen<span class=\"screen-reader-text\">Portugal 2016<\/span><\/a><\/div>\n","protected":false},"author":1,"featured_media":1004,"parent":90,"menu_order":2,"comment_status":"closed","ping_status":"closed","template":"","meta":{"footnotes":""},"class_list":["post-1582","page","type-page","status-publish","has-post-thumbnail","hentry","excerpt"],"aioseo_notices":[],"_links":{"self":[{"href":"https:\/\/abenteuerpiloten.de\/index.php?rest_route=\/wp\/v2\/pages\/1582","targetHints":{"allow":["GET"]}}],"collection":[{"href":"https:\/\/abenteuerpiloten.de\/index.php?rest_route=\/wp\/v2\/pages"}],"about":[{"href":"https:\/\/abenteuerpiloten.de\/index.php?rest_route=\/wp\/v2\/types\/page"}],"author":[{"embeddable":true,"href":"https:\/\/abenteuerpiloten.de\/index.php?rest_route=\/wp\/v2\/users\/1"}],"replies":[{"embeddable":true,"href":"https:\/\/abenteuerpiloten.de\/index.php?rest_route=%2Fwp%2Fv2%2Fcomments&post=1582"}],"version-history":[{"count":1,"href":"https:\/\/abenteuerpiloten.de\/index.php?rest_route=\/wp\/v2\/pages\/1582\/revisions"}],"predecessor-version":[{"id":1583,"href":"https:\/\/abenteuerpiloten.de\/index.php?rest_route=\/wp\/v2\/pages\/1582\/revisions\/1583"}],"up":[{"embeddable":true,"href":"https:\/\/abenteuerpiloten.de\/index.php?rest_route=\/wp\/v2\/pages\/90"}],"wp:featuredmedia":[{"embeddable":true,"href":"https:\/\/abenteuerpiloten.de\/index.php?rest_route=\/wp\/v2\/media\/1004"}],"wp:attachment":[{"href":"https:\/\/abenteuerpiloten.de\/index.php?rest_route=%2Fwp%2Fv2%2Fmedia&parent=1582"}],"curies":[{"name":"wp","href":"https:\/\/api.w.org\/{rel}","templated":true}]}}